{"id":1645,"date":"2024-12-11T11:44:13","date_gmt":"2024-12-11T14:44:13","guid":{"rendered":"https:\/\/patrimonio.uv.cl\/inicio\/?page_id=1645"},"modified":"2026-01-30T11:28:20","modified_gmt":"2026-01-30T14:28:20","slug":"archivo-pablo-mondragon","status":"publish","type":"page","link":"https:\/\/patrimonio.uv.cl\/inicio\/archivo-pablo-mondragon\/","title":{"rendered":"Archivo Pablo Mondrag\u00f3n"},"content":{"rendered":"<p>[et_pb_section fb_built=\u00bb1&#8243; admin_label=\u00bbSection\u00bb _builder_version=\u00bb4.24.2&#8243; _module_preset=\u00bbdefault\u00bb da_disable_devices=\u00bboff|off|off\u00bb global_colors_info=\u00bb{}\u00bb da_is_popup=\u00bboff\u00bb da_exit_intent=\u00bboff\u00bb da_has_close=\u00bbon\u00bb da_alt_close=\u00bboff\u00bb da_dark_close=\u00bboff\u00bb da_not_modal=\u00bbon\u00bb da_is_singular=\u00bboff\u00bb da_with_loader=\u00bboff\u00bb da_has_shadow=\u00bbon\u00bb][et_pb_row _builder_version=\u00bb4.24.2&#8243; _module_preset=\u00bbdefault\u00bb width=\u00bb70%\u00bb max_width=\u00bb70%\u00bb custom_padding=\u00bb6px|||||\u00bb locked=\u00bboff\u00bb global_colors_info=\u00bb{}\u00bb][et_pb_column type=\u00bb4_4&#8243; _builder_version=\u00bb4.22.2&#8243; _module_preset=\u00bbdefault\u00bb global_colors_info=\u00bb{}\u00bb][et_pb_text _builder_version=\u00bb4.27.3&#8243; _module_preset=\u00bbdefault\u00bb text_font=\u00bbNunito Sans|600|||||||\u00bb text_text_color=\u00bb#000000&#8243; link_font=\u00bbNunito Sans|600|||||||\u00bb link_text_color=\u00bb#00457A\u00bb custom_margin=\u00bb||18px|||\u00bb global_colors_info=\u00bb{}\u00bb]<\/p>\n<p><a href=\"https:\/\/patrimonio.uv.cl\/inicio\/\" title=\"Inicio\">Inicio<\/a> &gt; Archivo Pablo Mondrag\u00f3n<\/p>\n<p>[\/et_pb_text][\/et_pb_column][\/et_pb_row][et_pb_row _builder_version=\u00bb4.27.4&#8243; _module_preset=\u00bbdefault\u00bb width=\u00bb70%\u00bb max_width=\u00bb70%\u00bb custom_margin=\u00bb|auto||273px|false|false\u00bb custom_padding=\u00bb24px|||||\u00bb global_colors_info=\u00bb{}\u00bb][et_pb_column type=\u00bb4_4&#8243; _builder_version=\u00bb4.23.4&#8243; _module_preset=\u00bbdefault\u00bb global_colors_info=\u00bb{}\u00bb][et_pb_text _builder_version=\u00bb4.27.4&#8243; _module_preset=\u00bbdefault\u00bb text_font=\u00bbNunito Sans||||||||\u00bb text_font_size=\u00bb18px\u00bb header_font=\u00bb|700|||||||\u00bb header_text_color=\u00bb#044d71&#8243; header_font_size=\u00bb55px\u00bb header_2_font=\u00bb|600||||on|||\u00bb header_2_text_color=\u00bb#044d71&#8243; header_3_font=\u00bb|600||||on|||\u00bb header_3_text_color=\u00bb#044d71&#8243; custom_padding=\u00bb|||1px||\u00bb header_font_size_tablet=\u00bb45px\u00bb header_font_size_phone=\u00bb35px\u00bb header_font_size_last_edited=\u00bbon|phone\u00bb global_colors_info=\u00bb{}\u00bb]<\/p>\n<h1>Archivo Pablo Mondrag\u00f3n<\/h1>\n<p>&nbsp;<\/p>\n<p style=\"text-align: justify;\">Pablo Mondrag\u00f3n Garc\u00eda de las Bayonas fue arquitecto, director de Escuela y decano de la Facultad de Arquitectura de la Universidad de Valpara\u00edso, marcando una \u00e9poca en la instituci\u00f3n por su cercan\u00eda con los estudiantes y su calidad \u00e9tica y profesional.<\/p>\n<p style=\"text-align: justify;\">El Archivo Pablo Mondrag\u00f3n fue establecido mediante la Resoluci\u00f3n Exenta N\u00b0 1027\/18, con fecha del 10 de mayo de 2018, en el Decanato de la Facultad de Arquitectura de la Universidad de Valpara\u00edso.<\/p>\n<p style=\"text-align: justify;\">Su creaci\u00f3n tiene como objetivo preservar el legado del profesor Pablo Mondrag\u00f3n Garc\u00eda de las Bayonas, as\u00ed como garantizar la conservaci\u00f3n, inventario, catalogaci\u00f3n y difusi\u00f3n de su vasto acervo documental.<\/p>\n<h2>La Colecci\u00f3n<\/h2>\n<p style=\"text-align: justify;\">El Archivo tiene como objetivo preservar, difundir y destacar la obra del renombrado arquitecto, exdirector de la Escuela y exdecano de la Facultad de Arquitectura de la Universidad de Valpara\u00edso, Don Pablo Mondrag\u00f3n Garc\u00eda de las Bayonas, a trav\u00e9s de diversas iniciativas y l\u00edneas de acci\u00f3n.<\/p>\n<p style=\"text-align: justify;\">Este archivo alberga material que cubre casi 50 a\u00f1os de producci\u00f3n y trabajo profesional de Don Pablo Mondrag\u00f3n, desde 1947 hasta 2007.<\/p>\n<p style=\"text-align: justify;\">La colecci\u00f3n fue donada de forma gradual por la viuda de Mondrag\u00f3n, Loreto Guridi, a la Escuela de Arquitectura. En un primer momento, los documentos fueron dispuestos en una sala, para luego, con la formalizaci\u00f3n del archivo en 2018, ser trasladados a un espacio especial dentro de la biblioteca de la Facultad, donde se encuentra actualmente.<\/p>\n<p style=\"text-align: justify;\">En estos a\u00f1os, se ha podido ir acrecentando este Archivo con peque\u00f1as donaciones que se han ido gestionando, as\u00ed como las propias actividades como entrevistas familiares, ex alumnos, docentes, o la propia organizaci\u00f3n de eventos, exposiciones, etc. que se espera sean parte del trabajo constante del Archivo, fortaleciendo el legado acad\u00e9mico, profesional y humano de don Pablo Mondrag\u00f3n.<\/p>\n<p>[\/et_pb_text][\/et_pb_column][\/et_pb_row][\/et_pb_section][et_pb_section fb_built=\u00bb1&#8243; admin_label=\u00bbSection\u00bb _builder_version=\u00bb4.27.4&#8243; _module_preset=\u00bbdefault\u00bb background_enable_color=\u00bboff\u00bb background_enable_image=\u00bboff\u00bb background_position=\u00bbtop_center\u00bb background_blend=\u00bbdarken\u00bb min_height=\u00bb111.8px\u00bb custom_margin=\u00bb-80px||||false|false\u00bb custom_padding=\u00bb10px||10px||true|false\u00bb da_disable_devices=\u00bboff|off|off\u00bb global_colors_info=\u00bb{}\u00bb da_is_popup=\u00bboff\u00bb da_exit_intent=\u00bboff\u00bb da_has_close=\u00bbon\u00bb da_alt_close=\u00bboff\u00bb da_dark_close=\u00bboff\u00bb da_not_modal=\u00bbon\u00bb da_is_singular=\u00bboff\u00bb da_with_loader=\u00bboff\u00bb da_has_shadow=\u00bbon\u00bb][et_pb_row _builder_version=\u00bb4.27.2&#8243; _module_preset=\u00bbdefault\u00bb locked=\u00bboff\u00bb global_colors_info=\u00bb{}\u00bb][et_pb_column type=\u00bb4_4&#8243; _builder_version=\u00bb4.27.2&#8243; _module_preset=\u00bbdefault\u00bb global_colors_info=\u00bb{}\u00bb][et_pb_button button_url=\u00bb#pablomondragon\u00bb button_text=\u00bbC\u00e1psula\u00bb _builder_version=\u00bb4.27.3&#8243; _module_preset=\u00bbdefault\u00bb custom_button=\u00bbon\u00bb button_text_size=\u00bb16px\u00bb button_text_color=\u00bb#FFFFFF\u00bb button_bg_color=\u00bb#004d71&#8243; button_border_width=\u00bb0px\u00bb button_border_color=\u00bbRGBA(255,255,255,0)\u00bb button_icon=\u00bb&#x49;||divi||400&#8243; button_on_hover=\u00bboff\u00bb background_layout=\u00bbdark\u00bb custom_margin=\u00bb|468px||468px|false|true\u00bb custom_margin_tablet=\u00bb\u00bb custom_margin_phone=\u00bb|100px|||false|false\u00bb custom_margin_last_edited=\u00bbon|phone\u00bb custom_padding=\u00bb|15px||||\u00bb locked=\u00bboff\u00bb global_colors_info=\u00bb{}\u00bb][\/et_pb_button][\/et_pb_column][\/et_pb_row][\/et_pb_section][et_pb_section fb_built=\u00bb1&#8243; admin_label=\u00bbPopup &#8211; #pablomondragon\u00bb module_id=\u00bbpablomondragon\u00bb module_class=\u00bbpopup close-alt dark single no-shadow\u00bb _builder_version=\u00bb4.27.3&#8243; _module_preset=\u00bbdefault\u00bb background_color=\u00bbRGBA(255,255,255,0)\u00bb width=\u00bb100%\u00bb max_width=\u00bb100%\u00bb module_alignment=\u00bbcenter\u00bb custom_margin=\u00bb0px|0px|0px|0px|true|true\u00bb custom_padding=\u00bb0px|0px|0px|0px|true|true\u00bb da_is_popup=\u00bbon\u00bb da_popup_slug=\u00bbpablomondragon\u00bb da_is_singular=\u00bbon\u00bb da_dark_close=\u00bbon\u00bb da_alt_close=\u00bbon\u00bb da_has_shadow=\u00bboff\u00bb da_disable_devices=\u00bboff|off|off\u00bb locked=\u00bboff\u00bb global_colors_info=\u00bb{}\u00bb da_exit_intent=\u00bboff\u00bb da_has_close=\u00bbon\u00bb da_not_modal=\u00bbon\u00bb da_with_loader=\u00bboff\u00bb][et_pb_row _builder_version=\u00bb4.27.2&#8243; _module_preset=\u00bbdefault\u00bb global_colors_info=\u00bb{}\u00bb][et_pb_column type=\u00bb4_4&#8243; _builder_version=\u00bb4.24.2&#8243; _module_preset=\u00bbdefault\u00bb global_colors_info=\u00bb{}\u00bb][et_pb_video src=\u00bbhttps:\/\/www.youtube.com\/watch?v=_B5ZzaPEQz0&#8243; play_icon_color=\u00bb#e02b20&#8243; font_icon=\u00bb&#x49;||divi||400&#8243; _builder_version=\u00bb4.27.3&#8243; _module_preset=\u00bbdefault\u00bb box_shadow_style=\u00bbpreset1&#8243; box_shadow_color=\u00bb#000000&#8243; global_colors_info=\u00bb{}\u00bb][\/et_pb_video][\/et_pb_column][\/et_pb_row][\/et_pb_section][et_pb_section fb_built=\u00bb1&#8243; admin_label=\u00bbSection\u00bb _builder_version=\u00bb4.23.4&#8243; _module_preset=\u00bbdefault\u00bb background_color=\u00bb#024d71&#8243; da_disable_devices=\u00bboff|off|off\u00bb global_colors_info=\u00bb{}\u00bb da_is_popup=\u00bboff\u00bb da_exit_intent=\u00bboff\u00bb da_has_close=\u00bbon\u00bb da_alt_close=\u00bboff\u00bb da_dark_close=\u00bboff\u00bb da_not_modal=\u00bbon\u00bb da_is_singular=\u00bboff\u00bb da_with_loader=\u00bboff\u00bb da_has_shadow=\u00bbon\u00bb][et_pb_row column_structure=\u00bb1_2,1_2&#8243; make_equal=\u00bbon\u00bb _builder_version=\u00bb4.24.2&#8243; _module_preset=\u00bbdefault\u00bb width=\u00bb70%\u00bb max_width=\u00bb70%\u00bb module_alignment=\u00bbcenter\u00bb custom_margin=\u00bb||||true|true\u00bb custom_padding=\u00bb0rem||0px||false|true\u00bb global_colors_info=\u00bb{}\u00bb][et_pb_column type=\u00bb1_2&#8243; _builder_version=\u00bb4.24.2&#8243; _module_preset=\u00bbdefault\u00bb custom_padding=\u00bb||||false|false\u00bb global_colors_info=\u00bb{}\u00bb][et_pb_text _builder_version=\u00bb4.27.4&#8243; _module_preset=\u00bbdefault\u00bb text_font=\u00bbNunito Sans|||||on|||\u00bb text_text_color=\u00bb#FFFFFF\u00bb header_font=\u00bbNunito Sans||||||||\u00bb header_2_font=\u00bbNunito Sans||||||||\u00bb header_2_font_size=\u00bb65px\u00bb background_enable_image=\u00bboff\u00bb background_layout=\u00bbdark\u00bb custom_margin=\u00bb||||false|false\u00bb custom_padding=\u00bb||||false|false\u00bb text_font_size_tablet=\u00bb\u00bb text_font_size_phone=\u00bb\u00bb text_font_size_last_edited=\u00bbon|desktop\u00bb header_2_font_size_tablet=\u00bb50px\u00bb header_2_font_size_phone=\u00bb30px\u00bb header_2_font_size_last_edited=\u00bbon|phone\u00bb global_colors_info=\u00bb{}\u00bb]<\/p>\n<h2 style=\"text-align: left;\">Subfondo<\/h2>\n<p>[\/et_pb_text][\/et_pb_column][et_pb_column type=\u00bb1_2&#8243; _builder_version=\u00bb4.23.4&#8243; _module_preset=\u00bbdefault\u00bb global_colors_info=\u00bb{}\u00bb][et_pb_text _builder_version=\u00bb4.27.4&#8243; _module_preset=\u00bbdefault\u00bb text_font=\u00bbNunito Sans||||||||\u00bb text_text_color=\u00bb#FFFFFF\u00bb text_font_size=\u00bb18px\u00bb header_font=\u00bbNunito Sans||||||||\u00bb header_font_size=\u00bb34px\u00bb background_enable_image=\u00bboff\u00bb custom_margin=\u00bb0px|0px|0px|0px|false|false\u00bb custom_padding=\u00bb0px|0px|0px|0px|false|false\u00bb text_font_size_tablet=\u00bb16px\u00bb text_font_size_phone=\u00bb14px\u00bb text_font_size_last_edited=\u00bbon|phone\u00bb header_font_size_tablet=\u00bb34px\u00bb header_font_size_phone=\u00bb12px\u00bb header_font_size_last_edited=\u00bbon|desktop\u00bb global_colors_info=\u00bb{}\u00bb]<\/p>\n<p>El Archivo Pablo Mondrag\u00f3n tiene un subfondo :<\/p>\n<ul>\n<li style=\"list-style-type: none;\">\n<ul>\n<li style=\"list-style-type: none;\">\n<ul>\n<li>Proyectos<\/li>\n<\/ul>\n<\/li>\n<\/ul>\n<\/li>\n<\/ul>\n<p>[\/et_pb_text][\/et_pb_column][\/et_pb_row][et_pb_row column_structure=\u00bb1_2,1_2&#8243; _builder_version=\u00bb4.24.2&#8243; _module_preset=\u00bbdefault\u00bb width=\u00bb70%\u00bb max_width=\u00bb70%\u00bb global_colors_info=\u00bb{}\u00bb][et_pb_column type=\u00bb1_2&#8243; _builder_version=\u00bb4.23.4&#8243; _module_preset=\u00bbdefault\u00bb global_colors_info=\u00bb{}\u00bb][et_pb_cta button_url=\u00bbhttps:\/\/patrimonio.uv.cl\/front\/collections\/e87bd150-3693-4c66-bbf4-2498867019f4&#8243; _builder_version=\u00bb4.27.4&#8243; _module_preset=\u00bbdefault\u00bb header_text_color=\u00bb#000000&#8243; body_text_color=\u00bb#000000&#8243; use_background_color=\u00bboff\u00bb background_image=\u00bbhttp:\/\/patrimonio.uv.cl\/inicio\/wp-content\/uploads\/2024\/12\/Mondragon_032-02b4b8b9.webp\u00bb custom_button=\u00bbon\u00bb button_text_size=\u00bb25px\u00bb button_text_color=\u00bb#044d71&#8243; button_bg_color=\u00bb#FFFFFF\u00bb button_border_width=\u00bb0px\u00bb button_border_radius=\u00bb0px\u00bb button_font=\u00bbNunito Sans||||||||\u00bb button_icon=\u00bb&#x35;||divi||400&#8243; button_icon_color=\u00bb#044d71&#8243; button_on_hover=\u00bboff\u00bb button_alignment=\u00bbright\u00bb button_custom_margin=\u00bb240px||||false|false\u00bb background_layout=\u00bblight\u00bb min_height=\u00bb350px\u00bb height=\u00bb350px\u00bb max_height=\u00bb350px\u00bb custom_margin=\u00bb||0px||false|false\u00bb link_option_url=\u00bbhttps:\/\/patrimonio.uv.cl\/front\/collections\/e87bd150-3693-4c66-bbf4-2498867019f4&#8243; global_colors_info=\u00bb{}\u00bb][\/et_pb_cta][et_pb_button button_url=\u00bbhttps:\/\/patrimonio.uv.cl\/front\/collections\/e87bd150-3693-4c66-bbf4-2498867019f4&#8243; button_text=\u00bbProyectos\u00bb _builder_version=\u00bb4.27.4&#8243; _module_preset=\u00bbdefault\u00bb custom_button=\u00bbon\u00bb button_text_color=\u00bb#004d71&#8243; button_bg_color=\u00bb#ffffff\u00bb button_border_width=\u00bb0px\u00bb button_border_radius=\u00bb0px\u00bb button_font=\u00bbNunito Sans||||||||\u00bb button_icon=\u00bb&#x24;||divi||400&#8243; global_colors_info=\u00bb{}\u00bb][\/et_pb_button][\/et_pb_column][et_pb_column type=\u00bb1_2&#8243; _builder_version=\u00bb4.23.4&#8243; _module_preset=\u00bbdefault\u00bb global_colors_info=\u00bb{}\u00bb][\/et_pb_column][\/et_pb_row][\/et_pb_section][et_pb_section fb_built=\u00bb1&#8243; admin_label=\u00bbSection\u00bb _builder_version=\u00bb4.27.4&#8243; _module_preset=\u00bbdefault\u00bb background_color=\u00bb#067e87&#8243; min_height=\u00bb116px\u00bb custom_padding=\u00bb0px||0px||false|false\u00bb hover_enabled=\u00bb0&#8243; da_disable_devices=\u00bboff|off|off\u00bb global_colors_info=\u00bb{}\u00bb sticky_enabled=\u00bb0&#8243; da_is_popup=\u00bboff\u00bb da_exit_intent=\u00bboff\u00bb da_has_close=\u00bbon\u00bb da_alt_close=\u00bboff\u00bb da_dark_close=\u00bboff\u00bb da_not_modal=\u00bbon\u00bb da_is_singular=\u00bboff\u00bb da_with_loader=\u00bboff\u00bb da_has_shadow=\u00bbon\u00bb][et_pb_row column_structure=\u00bb1_2,1_2&#8243; make_equal=\u00bbon\u00bb _builder_version=\u00bb4.24.2&#8243; _module_preset=\u00bbdefault\u00bb width=\u00bb70%\u00bb max_width=\u00bb70%\u00bb module_alignment=\u00bbcenter\u00bb custom_margin=\u00bb||||true|true\u00bb custom_padding=\u00bb5rem||0px||false|true\u00bb global_colors_info=\u00bb{}\u00bb][et_pb_column type=\u00bb1_2&#8243; _builder_version=\u00bb4.24.2&#8243; _module_preset=\u00bbdefault\u00bb custom_padding=\u00bb||||false|false\u00bb global_colors_info=\u00bb{}\u00bb][et_pb_text _builder_version=\u00bb4.27.4&#8243; _module_preset=\u00bbdefault\u00bb text_font=\u00bbNunito Sans|||||on|||\u00bb text_text_color=\u00bb#FFFFFF\u00bb header_font=\u00bbNunito Sans||||||||\u00bb header_2_font=\u00bbNunito Sans||||||||\u00bb header_2_font_size=\u00bb65px\u00bb background_layout=\u00bbdark\u00bb custom_margin=\u00bb||||false|false\u00bb custom_padding=\u00bb||||false|false\u00bb text_font_size_tablet=\u00bb\u00bb text_font_size_phone=\u00bb\u00bb text_font_size_last_edited=\u00bbon|desktop\u00bb header_2_font_size_tablet=\u00bb50px\u00bb header_2_font_size_phone=\u00bb30px\u00bb header_2_font_size_last_edited=\u00bbon|phone\u00bb global_colors_info=\u00bb{}\u00bb]<\/p>\n<h2 style=\"text-align: left;\">Fondos<\/h2>\n<p>&nbsp;<\/p>\n<h4><strong>Explora nuestros fondos a continuaci\u00f3n:<\/strong><\/h4>\n<p>&nbsp;<\/p>\n<p>[\/et_pb_text][\/et_pb_column][et_pb_column type=\u00bb1_2&#8243; _builder_version=\u00bb4.23.4&#8243; _module_preset=\u00bbdefault\u00bb global_colors_info=\u00bb{}\u00bb][et_pb_text _builder_version=\u00bb4.24.2&#8243; _module_preset=\u00bbdefault\u00bb text_font=\u00bbNunito Sans||||||||\u00bb text_text_color=\u00bb#FFFFFF\u00bb text_font_size=\u00bb18px\u00bb header_font=\u00bbNunito Sans||||||||\u00bb header_font_size=\u00bb34px\u00bb custom_margin=\u00bb||||false|false\u00bb custom_padding=\u00bb||0px||false|false\u00bb text_font_size_tablet=\u00bb16px\u00bb text_font_size_phone=\u00bb14px\u00bb text_font_size_last_edited=\u00bbon|phone\u00bb header_font_size_tablet=\u00bb34px\u00bb header_font_size_phone=\u00bb12px\u00bb header_font_size_last_edited=\u00bbon|desktop\u00bb global_colors_info=\u00bb{}\u00bb]<\/p>\n<p>El Archivo Patrimonial de la Universidad de Valpara\u00edso est\u00e1 compuesto por tres Fondos Iniciales:<\/p>\n<ul>\n<li style=\"list-style-type: none;\">\n<ul>\n<li style=\"list-style-type: none;\">\n<ul>\n<li>Centro de Conservaci\u00f3n de Textiles<\/li>\n<li>Herbario<\/li>\n<li>Myriam Waisberg<\/li>\n<\/ul>\n<\/li>\n<\/ul>\n<\/li>\n<\/ul>\n<p>[\/et_pb_text][\/et_pb_column][\/et_pb_row][\/et_pb_section][et_pb_section fb_built=\u00bb1&#8243; _builder_version=\u00bb4.27.4&#8243; _module_preset=\u00bbdefault\u00bb width=\u00bb100%\u00bb min_height=\u00bb600px\u00bb height=\u00bb790px\u00bb max_height=\u00bb850px\u00bb max_height_tablet=\u00bb891px\u00bb max_height_phone=\u00bb891px\u00bb max_height_last_edited=\u00bbon|desktop\u00bb custom_css_free_form=\u00bbselector {||  height: auto !important;||  min-height: 0 !important;||  padding-bottom: 0 !important;||  margin-bottom: 0 !important;||}||\u00bb da_disable_devices=\u00bboff|off|off\u00bb global_colors_info=\u00bb{}\u00bb da_is_popup=\u00bboff\u00bb da_exit_intent=\u00bboff\u00bb da_has_close=\u00bbon\u00bb da_alt_close=\u00bboff\u00bb da_dark_close=\u00bboff\u00bb da_not_modal=\u00bbon\u00bb da_is_singular=\u00bboff\u00bb da_with_loader=\u00bboff\u00bb da_has_shadow=\u00bbon\u00bb][et_pb_row _builder_version=\u00bb4.27.4&#8243; _module_preset=\u00bbdefault\u00bb width=\u00bb100%\u00bb max_width=\u00bb2019px\u00bb min_height=\u00bb0px\u00bb height=\u00bb0px\u00bb max_height=\u00bb250px\u00bb custom_margin=\u00bb|auto|135px|auto||\u00bb custom_css_free_form=\u00bbselector {||  height: auto !important;||  min-height: 0 !important;||  padding-bottom: 0 !important;||  margin-bottom: 0 !important;||}||\u00bb global_colors_info=\u00bb{}\u00bb][et_pb_column type=\u00bb4_4&#8243; _builder_version=\u00bb4.27.4&#8243; _module_preset=\u00bbdefault\u00bb global_colors_info=\u00bb{}\u00bb][et_pb_slider _builder_version=\u00bb4.27.4&#8243; _module_preset=\u00bbdefault\u00bb width=\u00bb100%\u00bb max_width=\u00bb100%\u00bb content_max_width=\u00bb100%\u00bb min_height=\u00bb472px\u00bb height=\u00bb1000px\u00bb max_height=\u00bb500px\u00bb custom_margin=\u00bb-128px|||||\u00bb custom_padding=\u00bb97px||126px|0px||\u00bb link_option_url=\u00bbhttps:\/\/patrimonio.uv.cl\/inicio\/uv-centro-de-conservacion-de-textiles\/\u00bb custom_css_free_form=\u00bbselector {||  height: auto !important;||  min-height: 0 !important;||  padding-bottom: 0 !important;||}||\u00bb global_colors_info=\u00bb{}\u00bb][et_pb_slide heading=\u00bbCentro de conservaci\u00f3n de textiles\u00bb button_text=\u00bbVisita aqu\u00ed\u00bb button_link=\u00bbhttps:\/\/patrimonio.uv.cl\/inicio\/uv-centro-de-conservacion-de-textiles\/\u00bb image=\u00bbhttp:\/\/patrimonio.uv.cl\/inicio\/wp-content\/uploads\/2024\/05\/CTEX-0091_D1.jpg\u00bb _builder_version=\u00bb4.27.4&#8243; _module_preset=\u00bbdefault\u00bb background_color=\u00bb#0d7d89&#8243; background_enable_color=\u00bbon\u00bb global_colors_info=\u00bb{}\u00bb sticky_transition=\u00bbon\u00bb]<\/p>\n<p style=\"text-align: justify;\">El Centro de Conservaci\u00f3n de Textiles (CCTex) es una unidad de la Escuela de Dise\u00f1o de la Universidad de Valpara\u00edso dedicada a la conservaci\u00f3n, investigaci\u00f3n y difusi\u00f3n del patrimonio textil de la regi\u00f3n. Fundado en 1997, resguarda una valiosa colecci\u00f3n de vestuario civil y religioso, ornamentos lit\u00fargicos y archivos documentales de los siglos XVIII al XX, y desarrolla estudios, exposiciones y actividades que contribuyen a la preservaci\u00f3n de la memoria e identidad cultural de Valpara\u00edso.<\/p>\n<p>[\/et_pb_slide][et_pb_slide heading=\u00bbHerbario\u00bb button_text=\u00bbVisita aqu\u00ed\u00bb button_link=\u00bbhttps:\/\/patrimonio.uv.cl\/inicio\/uv-herbario\/\u00bb image=\u00bbhttp:\/\/patrimonio.uv.cl\/inicio\/wp-content\/uploads\/2024\/05\/HERBARIUM-002.jpg\u00bb _builder_version=\u00bb4.27.4&#8243; _module_preset=\u00bbdefault\u00bb background_color=\u00bb#0d7d89&#8243; background_enable_color=\u00bbon\u00bb global_colors_info=\u00bb{}\u00bb sticky_transition=\u00bbon\u00bb]<\/p>\n<p style=\"text-align: justify;\">El Herbario de Plantas Vasculares UV es una unidad de la Facultad de Farmacia de la Universidad de Valpara\u00edso dedicada a la preservaci\u00f3n y difusi\u00f3n del conocimiento bot\u00e1nico. Fundado en 1961, resguarda una amplia colecci\u00f3n de espec\u00edmenes provenientes del norte, centro y sur de Chile, incluyendo plantas nativas e introducidas. Esta colecci\u00f3n constituye un recurso fundamental para la docencia y la investigaci\u00f3n cient\u00edfica, beneficiando a estudiantes, acad\u00e9micos e investigadores a nivel regional, nacional e internacional.<\/p>\n<p>[\/et_pb_slide][et_pb_slide heading=\u00bbFondo Myriam Waisberg\u00bb button_text=\u00bbVisita aqu\u00ed\u00bb button_link=\u00bbhttps:\/\/patrimonio.uv.cl\/inicio\/uv-myriam-waisberg\/\u00bb image=\u00bbhttp:\/\/patrimonio.uv.cl\/inicio\/wp-content\/uploads\/2025\/12\/M_WAISBERG-017-scaled.jpg\u00bb _builder_version=\u00bb4.27.4&#8243; _module_preset=\u00bbdefault\u00bb background_color=\u00bb#0d7d89&#8243; background_enable_color=\u00bbon\u00bb link_option_url=\u00bbhttps:\/\/patrimonio.uv.cl\/inicio\/uv-myriam-waisberg\/\u00bb global_colors_info=\u00bb{}\u00bb sticky_transition=\u00bbon\u00bb]<\/p>\n<p style=\"text-align: justify;\">El Archivo de Historia de la Arquitectura de Valpara\u00edso, Fondo Myriam Waisberg, resguarda una valiosa colecci\u00f3n documental sobre el patrimonio arquitect\u00f3nico de la ciudad, reunida durante m\u00e1s de 40 a\u00f1os por la arquitecta e investigadora Myriam Waisberg Izacson. Donado a la Facultad de Arquitectura de la Universidad de Valpara\u00edso en 2005 y constituido como archivo en 2012, este fondo es una fuente fundamental para la investigaci\u00f3n y comprensi\u00f3n de la historia y evoluci\u00f3n de la arquitectura porte\u00f1a, y un legado clave para la preservaci\u00f3n de su patrimonio cultural.<\/p>\n<p>[\/et_pb_slide][et_pb_slide heading=\u00bbMuseo Arqueol\u00f3gico de Los Andes\u00bb button_text=\u00bbVisita aqu\u00ed\u00bb button_link=\u00bbhttps:\/\/patrimonio.uv.cl\/inicio\/museo-arqueologico-de-los-andes\/\u00bb image=\u00bbhttp:\/\/patrimonio.uv.cl\/inicio\/wp-content\/uploads\/2025\/12\/interior-4.jpeg\u00bb _builder_version=\u00bb4.27.4&#8243; _module_preset=\u00bbdefault\u00bb background_color=\u00bb#0d7d89&#8243; background_enable_color=\u00bbon\u00bb global_colors_info=\u00bb{}\u00bb sticky_transition=\u00bbon\u00bb]<\/p>\n<p style=\"text-align: justify;\">El Museo Arqueol\u00f3gico de Los Andes es una organizaci\u00f3n sin fines de lucro fundada en 1969, dedicada a la investigaci\u00f3n, conservaci\u00f3n y difusi\u00f3n del patrimonio arqueol\u00f3gico local y nacional. Ubicado en la ciudad de Los Andes, alberga una importante colecci\u00f3n de objetos precolombinos, con especial \u00e9nfasis en la Cultura Aconcagua y el Imperio Inca. En colaboraci\u00f3n con la Universidad de Valpara\u00edso, desarrolla investigaciones, actividades de divulgaci\u00f3n y exhibiciones permanentes y temporales, promoviendo el acceso gratuito y el acercamiento de la comunidad al patrimonio cultural del Valle de Aconcagua.<\/p>\n<p>[\/et_pb_slide][et_pb_slide heading=\u00bbArchivo Pablo Mondrag\u00f3n\u00bb button_text=\u00bbVisita aqu\u00ed\u00bb button_link=\u00bbhttps:\/\/patrimonio.uv.cl\/inicio\/archivo-pablo-mondragon\/\u00bb image=\u00bbhttp:\/\/patrimonio.uv.cl\/inicio\/wp-content\/uploads\/2026\/01\/WhatsApp-Image-2026-01-30-at-11.00.39-convertido-a-grande.jpeg\u00bb _builder_version=\u00bb4.27.4&#8243; _module_preset=\u00bbdefault\u00bb background_color=\u00bb#0d7d89&#8243; background_enable_color=\u00bbon\u00bb link_option_url=\u00bbhttps:\/\/patrimonio.uv.cl\/inicio\/archivo-pablo-mondragon\/\u00bb global_colors_info=\u00bb{}\u00bb sticky_transition=\u00bbon\u00bb]<\/p>\n<p style=\"text-align: justify;\">El Archivo Pablo Mondrag\u00f3n, creado en 2018 en la Facultad de Arquitectura de la Universidad de Valpara\u00edso, tiene como objetivo preservar, catalogar y difundir el legado acad\u00e9mico y profesional del arquitecto Pablo Mondrag\u00f3n Garc\u00eda de las Bayonas, exdirector de Escuela y exdecano de la Facultad. La colecci\u00f3n re\u00fane cerca de 50 a\u00f1os de producci\u00f3n documental (1947\u20132007), donada principalmente por su viuda, Loreto Guridi, y constituye un valioso acervo para la memoria institucional y la historia de la arquitectura en Valpara\u00edso.<\/p>\n<p>[\/et_pb_slide][\/et_pb_slider][\/et_pb_column][\/et_pb_row][\/et_pb_section]<\/p>\n","protected":false},"excerpt":{"rendered":"<p>Inicio &gt; Archivo Pablo Mondrag\u00f3nArchivo Pablo Mondrag\u00f3n &nbsp; Pablo Mondrag\u00f3n Garc\u00eda de las Bayonas fue arquitecto, director de Escuela y decano de la Facultad de Arquitectura de la Universidad de Valpara\u00edso, marcando una \u00e9poca en la instituci\u00f3n por su cercan\u00eda con los estudiantes y su calidad \u00e9tica y profesional. El Archivo Pablo Mondrag\u00f3n fue establecido [&hellip;]<\/p>\n","protected":false},"author":7,"featured_media":0,"parent":0,"menu_order":0,"comment_status":"closed","ping_status":"closed","template":"","meta":{"_et_pb_use_builder":"on","_et_pb_old_content":"","_et_gb_content_width":"","footnotes":""},"class_list":["post-1645","page","type-page","status-publish","hentry"],"_links":{"self":[{"href":"https:\/\/patrimonio.uv.cl\/inicio\/wp-json\/wp\/v2\/pages\/1645","targetHints":{"allow":["GET"]}}],"collection":[{"href":"https:\/\/patrimonio.uv.cl\/inicio\/wp-json\/wp\/v2\/pages"}],"about":[{"href":"https:\/\/patrimonio.uv.cl\/inicio\/wp-json\/wp\/v2\/types\/page"}],"author":[{"embeddable":true,"href":"https:\/\/patrimonio.uv.cl\/inicio\/wp-json\/wp\/v2\/users\/7"}],"replies":[{"embeddable":true,"href":"https:\/\/patrimonio.uv.cl\/inicio\/wp-json\/wp\/v2\/comments?post=1645"}],"version-history":[{"count":22,"href":"https:\/\/patrimonio.uv.cl\/inicio\/wp-json\/wp\/v2\/pages\/1645\/revisions"}],"predecessor-version":[{"id":1831,"href":"https:\/\/patrimonio.uv.cl\/inicio\/wp-json\/wp\/v2\/pages\/1645\/revisions\/1831"}],"wp:attachment":[{"href":"https:\/\/patrimonio.uv.cl\/inicio\/wp-json\/wp\/v2\/media?parent=1645"}],"curies":[{"name":"wp","href":"https:\/\/api.w.org\/{rel}","templated":true}]}}